{"id":5898,"date":"2025-04-05T13:36:39","date_gmt":"2025-04-05T13:36:39","guid":{"rendered":"https:\/\/3nlighting.com\/urun\/spar\/"},"modified":"2026-02-18T13:53:31","modified_gmt":"2026-02-18T13:53:31","slug":"spar","status":"publish","type":"product","link":"https:\/\/3nlighting.com\/ar\/urun\/spar\/","title":{"rendered":"Spar"},"content":{"rendered":"","protected":false},"excerpt":{"rendered":"<h4><strong>Spar<\/strong><\/h4>\n<h6><strong>\u0625\u0636\u0627\u0621\u0629 LED \u0644\u0644\u0639\u0634\u0628<\/strong><\/h6>\n<table class=\"lined-table\">\n<tr>\n<td><strong>\u0627\u0644\u0647\u064a\u0643\u0644<\/strong><\/td>\n<td>\u0647\u064a\u0643\u0644 \u0623\u0644\u0645\u0646\u064a\u0648\u0645 \/ RAL9005<\/td>\n<\/tr>\n<tr>\n<td><strong>\u0634\u0631\u064a\u062d\u0629 LED<\/strong><\/td>\n<td>\u0644\u0645\u0628\u0629 GU10<\/td>\n<\/tr>\n<tr>\n<td><strong>\u062c\u0647\u062f \u0627\u0644\u062a\u0634\u063a\u064a\u0644<\/strong><\/td>\n<td>220-240V\/AC 50-60Hz<\/td>\n<\/tr>\n<tr>\n<td><strong>\u062f\u0631\u062c\u0629 \u062d\u0631\u0627\u0631\u0629 \u0627\u0644\u062a\u0634\u063a\u064a\u0644<\/strong><\/td>\n<td>-10\u00b0C ~ +40\u00b0C<\/td>\n<\/tr>\n<tr>\n<td><strong>CRI<\/strong><\/td>\n<td>CRI > 80<\/td>\n<\/tr>\n<tr>\n<td><strong>\u062f\u0631\u062c\u0629 \u0627\u0644\u062d\u0645\u0627\u064a\u0629<\/strong><\/td>\n<td>IP44<\/td>\n<\/tr>\n<tr>\n<td><strong>\u0627\u0644\u062e\u064a\u0627\u0631\u0627\u062a<\/strong><\/td>\n<td>\n    \u062e\u064a\u0627\u0631\u0627\u062a \u0644\u0648\u0646 \u0627\u0644\u0647\u064a\u0643\u0644: RAL9016<br \/>\n    \u062e\u064a\u0627\u0631\u0627\u062a \u0627\u0644\u062a\u0637\u0628\u064a\u0642: \u0648\u062a\u062f \u0623\u0631\u0636\u064a<br \/>\n    \u062f\u0631\u062c\u0629 \u062d\u0631\u0627\u0631\u0629 \u0627\u0644\u0644\u0648\u0646: 2700K \/ 3000K \/ 4000K \/ 6500K\n  <\/td>\n<\/tr>\n<\/table>\n<ul class=\"custom-icon-list\">\n<li><img decoding=\"async\" src=\"https:\/\/3nlighting.com\/wp-content\/uploads\/2025\/06\/Landscape.svg\" alt=\"Peyzaj\"><\/li>\n<li><img decoding=\"async\" src=\"https:\/\/3nlighting.com\/wp-content\/uploads\/2025\/06\/Park.svg\" alt=\"Park\"><\/li>\n<li><img decoding=\"async\" src=\"https:\/\/3nlighting.com\/wp-content\/uploads\/2025\/06\/Garden.svg\" alt=\"Bah\u00e7e\"><\/li>\n<li><img decoding=\"async\" src=\"https:\/\/3nlighting.com\/wp-content\/uploads\/2025\/06\/Walking.svg\" alt=\"Y\u00fcr\u00fcy\u00fc\u015f Yolu\"><\/li>\n<\/ul>\n","protected":false},"featured_media":3414,"comment_status":"open","ping_status":"closed","template":"","meta":{"_joinchat":[]},"product_brand":[],"product_cat":[118,260,95],"product_tag":[],"class_list":{"0":"post-5898","1":"product","2":"type-product","3":"status-publish","4":"has-post-thumbnail","6":"product_cat-outdoor-lighting","7":"product_cat-landscape-and-facade-luminaires-ar","8":"product_cat-park-peyzaj-cevre","10":"first","11":"instock","12":"shipping-taxable","13":"product-type-simple"},"aioseo_notices":[],"_links":{"self":[{"href":"https:\/\/3nlighting.com\/ar\/wp-json\/wp\/v2\/product\/5898","targetHints":{"allow":["GET"]}}],"collection":[{"href":"https:\/\/3nlighting.com\/ar\/wp-json\/wp\/v2\/product"}],"about":[{"href":"https:\/\/3nlighting.com\/ar\/wp-json\/wp\/v2\/types\/product"}],"replies":[{"embeddable":true,"href":"https:\/\/3nlighting.com\/ar\/wp-json\/wp\/v2\/comments?post=5898"}],"wp:featuredmedia":[{"embeddable":true,"href":"https:\/\/3nlighting.com\/ar\/wp-json\/wp\/v2\/media\/3414"}],"wp:attachment":[{"href":"https:\/\/3nlighting.com\/ar\/wp-json\/wp\/v2\/media?parent=5898"}],"wp:term":[{"taxonomy":"product_brand","embeddable":true,"href":"https:\/\/3nlighting.com\/ar\/wp-json\/wp\/v2\/product_brand?post=5898"},{"taxonomy":"product_cat","embeddable":true,"href":"https:\/\/3nlighting.com\/ar\/wp-json\/wp\/v2\/product_cat?post=5898"},{"taxonomy":"product_tag","embeddable":true,"href":"https:\/\/3nlighting.com\/ar\/wp-json\/wp\/v2\/product_tag?post=5898"}],"curies":[{"name":"wp","href":"https:\/\/api.w.org\/{rel}","templated":true}]}}