{"id":5904,"date":"2025-06-22T23:48:22","date_gmt":"2025-06-22T23:48:22","guid":{"rendered":"https:\/\/3nlighting.com\/urun\/modhex-c\/"},"modified":"2026-02-16T07:55:44","modified_gmt":"2026-02-16T07:55:44","slug":"modhex-c","status":"publish","type":"product","link":"https:\/\/3nlighting.com\/ar\/urun\/modhex-c\/","title":{"rendered":"Modhex -C"},"content":{"rendered":"","protected":false},"excerpt":{"rendered":"<h4><strong>Modhex -C<\/strong><\/h4>\n<h6><strong>\u0625\u0636\u0627\u0621\u0629 LED \u0639\u0644\u0649 \u0634\u0643\u0644 \u0633\u0644\u0633\u0644\u0629<\/strong><\/h6>\n<table class=\"lined-table\">\n<tr>\n<td><strong>\u0627\u0644\u0647\u064a\u0643\u0644<\/strong><\/td>\n<td>\u0623\u0644\u0648\u0645\u0646\u064a\u0648\u0645 \u0645\u0635\u0628\u0648\u0628 RAL 7016<\/td>\n<\/tr>\n<tr>\n<td><strong>\u0627\u0644\u0639\u062f\u0633\u0629 \u0627\u0644\u0628\u0635\u0631\u064a\u0629<\/strong><\/td>\n<td>\u0632\u062c\u0627\u062c \u0645\u0642\u0633\u0651\u0649 \u0634\u0641\u0627\u0641 \u062c\u062f\u0627\u064b \u0645\u0639 \u0639\u062f\u0633\u0629 PMMA<\/td>\n<\/tr>\n<tr>\n<td><strong>\u0627\u0644\u0645\u062d\u0648\u0651\u0644<\/strong><\/td>\n<td>Osram \u2013 Tridonic \u2013 Philips Lifud &#8211; Eagle Rise \u2013 Inventronics<\/td>\n<\/tr>\n<tr>\n<td><strong>\u0634\u0631\u064a\u062d\u0629 LED<\/strong><\/td>\n<td>3030 Mid Power, Osram, Seoul, Lumileds<\/td>\n<\/tr>\n<tr>\n<td><strong>\u062c\u0647\u062f \u0627\u0644\u062a\u063a\u0630\u064a\u0629<\/strong><\/td>\n<td>220-240V\/AC 50-60Hz<\/td>\n<\/tr>\n<tr>\n<td><strong>\u062f\u0631\u062c\u0629 \u062d\u0631\u0627\u0631\u0629 \u0627\u0644\u062a\u0634\u063a\u064a\u0644<\/strong><\/td>\n<td>-10\u00b0C ~ +40\u00b0C<\/td>\n<\/tr>\n<tr>\n<td><strong>CRI<\/strong><\/td>\n<td>CRI > 85<\/td>\n<\/tr>\n<tr>\n<td><strong>\u062f\u0631\u062c\u0629 \u0627\u0644\u062d\u0645\u0627\u064a\u0629<\/strong><\/td>\n<td>IP66<\/td>\n<\/tr>\n<tr>\n<td><strong>\u0627\u0644\u062e\u064a\u0627\u0631\u0627\u062a<\/strong><\/td>\n<td>\n    \u062e\u064a\u0627\u0631\u0627\u062a \u0644\u0648\u0646 \u0627\u0644\u0647\u064a\u0643\u0644: RAL 9005<br \/>\n    \u062e\u064a\u0627\u0631\u0627\u062a \u0627\u0644\u062a\u0631\u0643\u064a\u0628: \u062a\u0631\u0643\u064a\u0628 \u0628\u0633\u0644\u0643 \u0641\u0648\u0644\u0627\u0630\u064a \u0639\u0644\u0649 \u0634\u0643\u0644 \u0633\u0644\u0633\u0644\u0629<br \/>\n    \u062f\u0631\u062c\u0629 \u062d\u0631\u0627\u0631\u0629 \u0627\u0644\u0644\u0648\u0646: 3000K \/ 4000K \/ 6500K<br \/>\n    \u0645\u062c\u0645\u0648\u0639\u0629 \u0627\u0644\u0637\u0648\u0627\u0631\u0626 \u2013 DALI \u2013 SPD \u0645\u0639 \u062d\u0645\u0627\u064a\u0629 \u0645\u0646 \u0627\u0644\u0637\u0627\u0642\u0629 \u0627\u0644\u0632\u0627\u0626\u062f\u0629\n  <\/td>\n<\/tr>\n<\/table>\n<ul class=\"custom-icon-list\">\n<li><img decoding=\"async\" src=\"https:\/\/3nlighting.com\/wp-content\/uploads\/2025\/06\/Pedestrian-crossing.png\" alt=\"Yaya Ge\u00e7idi\"><\/li>\n<li><img decoding=\"async\" src=\"https:\/\/3nlighting.com\/wp-content\/uploads\/2025\/06\/Steel-wire-Hanger.png\" alt=\"\u00c7elik tel Ask\u0131\"><\/li>\n<li><img decoding=\"async\" src=\"https:\/\/3nlighting.com\/wp-content\/uploads\/2025\/06\/Walking.svg\" alt=\"Y\u00fcr\u00fcy\u00fc\u015f Yolu\"><\/li>\n<li><img decoding=\"async\" src=\"https:\/\/3nlighting.com\/wp-content\/uploads\/2025\/06\/Park.svg\" alt=\"Park ve Bah\u00e7eler\"><\/li>\n<\/ul>\n","protected":false},"featured_media":5462,"comment_status":"open","ping_status":"closed","template":"","meta":{"_joinchat":[]},"product_brand":[],"product_cat":[118,327,257],"product_tag":[],"class_list":{"0":"post-5904","1":"product","2":"type-product","3":"status-publish","4":"has-post-thumbnail","6":"product_cat-outdoor-lighting","7":"product_cat-road-street-avenue-ar","8":"product_cat-catenary-luminaires-ar","10":"first","11":"instock","12":"shipping-taxable","13":"product-type-simple"},"aioseo_notices":[],"_links":{"self":[{"href":"https:\/\/3nlighting.com\/ar\/wp-json\/wp\/v2\/product\/5904","targetHints":{"allow":["GET"]}}],"collection":[{"href":"https:\/\/3nlighting.com\/ar\/wp-json\/wp\/v2\/product"}],"about":[{"href":"https:\/\/3nlighting.com\/ar\/wp-json\/wp\/v2\/types\/product"}],"replies":[{"embeddable":true,"href":"https:\/\/3nlighting.com\/ar\/wp-json\/wp\/v2\/comments?post=5904"}],"wp:featuredmedia":[{"embeddable":true,"href":"https:\/\/3nlighting.com\/ar\/wp-json\/wp\/v2\/media\/5462"}],"wp:attachment":[{"href":"https:\/\/3nlighting.com\/ar\/wp-json\/wp\/v2\/media?parent=5904"}],"wp:term":[{"taxonomy":"product_brand","embeddable":true,"href":"https:\/\/3nlighting.com\/ar\/wp-json\/wp\/v2\/product_brand?post=5904"},{"taxonomy":"product_cat","embeddable":true,"href":"https:\/\/3nlighting.com\/ar\/wp-json\/wp\/v2\/product_cat?post=5904"},{"taxonomy":"product_tag","embeddable":true,"href":"https:\/\/3nlighting.com\/ar\/wp-json\/wp\/v2\/product_tag?post=5904"}],"curies":[{"name":"wp","href":"https:\/\/api.w.org\/{rel}","templated":true}]}}