{"id":6016,"date":"2025-06-22T23:13:47","date_gmt":"2025-06-22T23:13:47","guid":{"rendered":"https:\/\/3nlighting.com\/urun\/violet-p-20x20\/"},"modified":"2026-03-12T07:13:00","modified_gmt":"2026-03-12T07:13:00","slug":"violet-p-20x20","status":"publish","type":"product","link":"https:\/\/3nlighting.com\/ar\/urun\/violet-p-20x20\/","title":{"rendered":"Violet &#8211; P 20&#215;20"},"content":{"rendered":"","protected":false},"excerpt":{"rendered":"<h4><strong>Violet &#8211; P 20&#215;20<\/strong><\/h4>\n<h6><strong>\u0625\u0636\u0627\u0621\u0629 LED \u0628\u0627\u0646\u064a\u0644<\/strong><\/h6>\n<table class=\"lined-table\">\n<tbody>\n<tr>\n<td><strong>\u0627\u0644\u0647\u064a\u0643\u0644<\/strong><\/td>\n<td>\u0647\u064a\u0643\u0644 \u0645\u0646 \u0635\u0641\u0627\u0626\u062d DKP\u060c \u200fRAL 9005<\/td>\n<\/tr>\n<tr>\n<td><strong>\u0627\u0644\u0628\u0635\u0631\u064a\u0627\u062a<\/strong><\/td>\n<td>\u0646\u0627\u0634\u0631 \u0636\u0648\u0621 \u0623\u0648\u0628\u0627\u0644 PS\/PMMA<\/td>\n<\/tr>\n<tr>\n<td><strong>\u0627\u0644\u0633\u0627\u0626\u0642<\/strong><\/td>\n<td>Osram \u2013 Tridonic \u2013 Philips Lifud &#8211; Eagle Rise \u2013 \u200e3N\u200e<\/td>\n<\/tr>\n<tr>\n<td><strong>\u0634\u0631\u064a\u062d\u0629 LED<\/strong><\/td>\n<td>2835 Mid Power\u060c \u200fOsram\u060c \u200fSeoul\u060c \u200fLumileds<\/td>\n<\/tr>\n<tr>\n<td><strong>\u062c\u0647\u062f \u0627\u0644\u062a\u063a\u0630\u064a\u0629<\/strong><\/td>\n<td>\u200f220-240V\/AC 50-60Hz<\/td>\n<\/tr>\n<tr>\n<td><strong>\u062f\u0631\u062c\u0629 \u062d\u0631\u0627\u0631\u0629 \u0627\u0644\u062a\u0634\u063a\u064a\u0644<\/strong><\/td>\n<td>-10\u00b0C ~ +40\u00b0C<\/td>\n<\/tr>\n<tr>\n<td><strong>\u062f\u0631\u062c\u0629 \u0627\u0644\u062d\u0645\u0627\u064a\u0629<\/strong><\/td>\n<td>IP40<\/td>\n<\/tr>\n<tr>\n<td><strong>\u0627\u0644\u062e\u064a\u0627\u0631\u0627\u062a<\/strong><\/td>\n<td>\u062e\u064a\u0627\u0631\u0627\u062a \u0627\u0644\u062a\u0637\u0628\u064a\u0642: \u0633\u0642\u0641 \u0634\u0628\u0643\u064a 50\u00d750\u060c 60\u00d760\u060c 75\u00d775\u060c 85\u00d785\u060c 100\u00d7100\u060c 120\u00d7120\u060c 150\u00d7150\u060c 200\u00d7200<br \/>\n\u062f\u0631\u062c\u0629 \u062d\u0631\u0627\u0631\u0629 \u0627\u0644\u0644\u0648\u0646: \u200f3000K \/ 4000K \/ 6500K<br \/>\n\u0637\u0642\u0645 \u0627\u0644\u0637\u0648\u0627\u0631\u0626 \u2013 DALI<\/td>\n<\/tr>\n<\/tbody>\n<\/table>\n<ul class=\"custom-icon-list\">\n<li><img decoding=\"async\" src=\"https:\/\/3nlighting.com\/wp-content\/uploads\/2025\/06\/Shop.svg\" alt=\"Ma\u011faza\" \/><\/li>\n<li><img decoding=\"async\" src=\"https:\/\/3nlighting.com\/wp-content\/uploads\/2025\/06\/Cafe.svg\" alt=\"Cafe\" \/><\/li>\n<li><img decoding=\"async\" src=\"https:\/\/3nlighting.com\/wp-content\/uploads\/2025\/06\/Restaurant.svg\" alt=\"Restoran\" \/><\/li>\n<li><img decoding=\"async\" src=\"https:\/\/3nlighting.com\/wp-content\/uploads\/2025\/06\/Office.svg\" alt=\"Ofisler\" \/><\/li>\n<li><img decoding=\"async\" src=\"https:\/\/3nlighting.com\/wp-content\/uploads\/2025\/06\/Training.svg\" alt=\"Okullar\" \/><\/li>\n<li><img decoding=\"async\" src=\"https:\/\/3nlighting.com\/wp-content\/uploads\/2025\/06\/Market.svg\" alt=\"S\u00fcper Market\" \/><\/li>\n<li><img decoding=\"async\" src=\"https:\/\/3nlighting.com\/wp-content\/uploads\/2025\/06\/Showroom.svg\" alt=\"Showroom Te\u015fhir Alan\u0131\" \/><\/li>\n<li><img decoding=\"async\" src=\"https:\/\/3nlighting.com\/wp-content\/uploads\/2025\/06\/Dormitories.png\" alt=\"Yurtlar Kre\u015fler\" \/><\/li>\n<li><img decoding=\"async\" src=\"https:\/\/3nlighting.com\/wp-content\/uploads\/2025\/06\/Hotel-Lobby.png\" alt=\"Otel Lobi\" \/><\/li>\n<li><img decoding=\"async\" src=\"https:\/\/3nlighting.com\/wp-content\/uploads\/2025\/06\/Consultation.png\" alt=\"Firma Ana Giri\u015f Dan\u0131\u015fma Alan\u0131\" \/><\/li>\n<li><img decoding=\"async\" src=\"https:\/\/3nlighting.com\/wp-content\/uploads\/2025\/06\/Air-Field.png\" alt=\"Hava Alan\u0131 Yolcu Kar\u015f\u0131lama\" \/><\/li>\n<\/ul>\n","protected":false},"featured_media":7532,"comment_status":"open","ping_status":"closed","template":"","meta":{"_joinchat":[]},"product_brand":[],"product_cat":[195,227],"product_tag":[],"class_list":{"0":"post-6016","1":"product","2":"type-product","3":"status-publish","4":"has-post-thumbnail","6":"product_cat-indoor-lighting","7":"product_cat-panel-luminaires-ar","9":"first","10":"instock","11":"shipping-taxable","12":"product-type-simple"},"aioseo_notices":[],"_links":{"self":[{"href":"https:\/\/3nlighting.com\/ar\/wp-json\/wp\/v2\/product\/6016","targetHints":{"allow":["GET"]}}],"collection":[{"href":"https:\/\/3nlighting.com\/ar\/wp-json\/wp\/v2\/product"}],"about":[{"href":"https:\/\/3nlighting.com\/ar\/wp-json\/wp\/v2\/types\/product"}],"replies":[{"embeddable":true,"href":"https:\/\/3nlighting.com\/ar\/wp-json\/wp\/v2\/comments?post=6016"}],"wp:featuredmedia":[{"embeddable":true,"href":"https:\/\/3nlighting.com\/ar\/wp-json\/wp\/v2\/media\/7532"}],"wp:attachment":[{"href":"https:\/\/3nlighting.com\/ar\/wp-json\/wp\/v2\/media?parent=6016"}],"wp:term":[{"taxonomy":"product_brand","embeddable":true,"href":"https:\/\/3nlighting.com\/ar\/wp-json\/wp\/v2\/product_brand?post=6016"},{"taxonomy":"product_cat","embeddable":true,"href":"https:\/\/3nlighting.com\/ar\/wp-json\/wp\/v2\/product_cat?post=6016"},{"taxonomy":"product_tag","embeddable":true,"href":"https:\/\/3nlighting.com\/ar\/wp-json\/wp\/v2\/product_tag?post=6016"}],"curies":[{"name":"wp","href":"https:\/\/api.w.org\/{rel}","templated":true}]}}