{"id":5895,"date":"2025-04-05T11:41:51","date_gmt":"2025-04-05T11:41:51","guid":{"rendered":"https:\/\/3nlighting.com\/urun\/modhex-t\/"},"modified":"2026-02-16T07:49:18","modified_gmt":"2026-02-16T07:49:18","slug":"modhex-t","status":"publish","type":"product","link":"https:\/\/3nlighting.com\/de\/urun\/modhex-t\/","title":{"rendered":"Modhex -T"},"content":{"rendered":"","protected":false},"excerpt":{"rendered":"<h4><strong>Modhex -T<\/strong><\/h4>\n<h6><strong>Tunnel-LED-Beleuchtung<\/strong><\/h6>\n<table class=\"lined-table\">\n<tr>\n<td><strong>Geh\u00e4use<\/strong><\/td>\n<td>Aluminiumgeh\u00e4use und Rahmen \/ RAL7016<\/td>\n<\/tr>\n<tr>\n<td><strong>Optische Abdeckung<\/strong><\/td>\n<td>PMMA-Linse \/ Geh\u00e4rtetes Glas<\/td>\n<\/tr>\n<tr>\n<td><strong>Treiber<\/strong><\/td>\n<td>Osram, Tridonic, Philips-3N<\/td>\n<\/tr>\n<tr>\n<td><strong>LED-Chip<\/strong><\/td>\n<td>Samsung, Osram, Seoul<\/td>\n<\/tr>\n<tr>\n<td><strong>Versorgungsspannung<\/strong><\/td>\n<td>220-240V\/AC 50-60Hz<\/td>\n<\/tr>\n<tr>\n<td><strong>Betriebstemperatur<\/strong><\/td>\n<td>-20\u00b0C ~ +40\u00b0C<\/td>\n<\/tr>\n<tr>\n<td><strong>CRI<\/strong><\/td>\n<td>CRI &gt; 80<\/td>\n<\/tr>\n<tr>\n<td><strong>Schutzklasse<\/strong><\/td>\n<td>IP66<\/td>\n<\/tr>\n<tr>\n<td><strong>Schlagfestigkeitsklasse<\/strong><\/td>\n<td>IK09<\/td>\n<\/tr>\n<tr>\n<td><strong>Optionen<\/strong><\/td>\n<td>Farbtemperatur: 3000K \/ 4000K \/ 6500K<br \/>DALI<\/td>\n<\/tr>\n<\/table>\n<ul class=\"custom-icon-list\">\n<li><img decoding=\"async\" src=\"https:\/\/3nlighting.com\/wp-content\/uploads\/2025\/06\/Tunnel.svg\" alt=\"T\u00fcnel Ayd\u0131nlatmalar\u0131\"><\/li>\n<\/ul>\n","protected":false},"featured_media":3389,"comment_status":"open","ping_status":"closed","template":"","meta":{"_joinchat":[]},"product_brand":[],"product_cat":[120,264],"product_tag":[],"class_list":{"0":"post-5895","1":"product","2":"type-product","3":"status-publish","4":"has-post-thumbnail","6":"product_cat-aussenbeleuchtung","7":"product_cat-tunnelbeleuchtungskorper","9":"first","10":"instock","11":"shipping-taxable","12":"product-type-simple"},"aioseo_notices":[],"_links":{"self":[{"href":"https:\/\/3nlighting.com\/de\/wp-json\/wp\/v2\/product\/5895","targetHints":{"allow":["GET"]}}],"collection":[{"href":"https:\/\/3nlighting.com\/de\/wp-json\/wp\/v2\/product"}],"about":[{"href":"https:\/\/3nlighting.com\/de\/wp-json\/wp\/v2\/types\/product"}],"replies":[{"embeddable":true,"href":"https:\/\/3nlighting.com\/de\/wp-json\/wp\/v2\/comments?post=5895"}],"wp:featuredmedia":[{"embeddable":true,"href":"https:\/\/3nlighting.com\/de\/wp-json\/wp\/v2\/media\/3389"}],"wp:attachment":[{"href":"https:\/\/3nlighting.com\/de\/wp-json\/wp\/v2\/media?parent=5895"}],"wp:term":[{"taxonomy":"product_brand","embeddable":true,"href":"https:\/\/3nlighting.com\/de\/wp-json\/wp\/v2\/product_brand?post=5895"},{"taxonomy":"product_cat","embeddable":true,"href":"https:\/\/3nlighting.com\/de\/wp-json\/wp\/v2\/product_cat?post=5895"},{"taxonomy":"product_tag","embeddable":true,"href":"https:\/\/3nlighting.com\/de\/wp-json\/wp\/v2\/product_tag?post=5895"}],"curies":[{"name":"wp","href":"https:\/\/api.w.org\/{rel}","templated":true}]}}