{"id":5906,"date":"2025-06-22T23:48:22","date_gmt":"2025-06-22T23:48:22","guid":{"rendered":"https:\/\/3nlighting.com\/urun\/modhex-c\/"},"modified":"2026-02-16T07:46:32","modified_gmt":"2026-02-16T07:46:32","slug":"modhex-c","status":"publish","type":"product","link":"https:\/\/3nlighting.com\/de\/urun\/modhex-c\/","title":{"rendered":"Modhex -C"},"content":{"rendered":"","protected":false},"excerpt":{"rendered":"<h4><strong>Modhex -C<\/strong><\/h4>\n<h6><strong>Ketten-Led-Beleuchtung<\/strong><\/h6>\n<table class=\"lined-table\">\n<tr>\n<td><strong>Geh\u00e4use<\/strong><\/td>\n<td>Aluminium-Druckguss RAL 7016<\/td>\n<\/tr>\n<tr>\n<td><strong>Optik<\/strong><\/td>\n<td>Ultra-klares geh\u00e4rtetes Glas PMMA-Linse<\/td>\n<\/tr>\n<tr>\n<td><strong>Treiber<\/strong><\/td>\n<td>Osram \u2013 Tridonic \u2013 Philips Lifud &#8211; Eagle Rise \u2013 Inventronics<\/td>\n<\/tr>\n<tr>\n<td><strong>LED-Chip<\/strong><\/td>\n<td>3030 Mid Power, Osram, Seoul, Lumileds<\/td>\n<\/tr>\n<tr>\n<td><strong>Versorgungsspannung<\/strong><\/td>\n<td>220-240V\/AC 50-60Hz<\/td>\n<\/tr>\n<tr>\n<td><strong>Betriebstemperatur<\/strong><\/td>\n<td>-10\u00b0C ~ +40\u00b0C<\/td>\n<\/tr>\n<tr>\n<td><strong>CRI<\/strong><\/td>\n<td>CRI > 85<\/td>\n<\/tr>\n<tr>\n<td><strong>Schutzart<\/strong><\/td>\n<td>IP66<\/td>\n<\/tr>\n<tr>\n<td><strong>Optionen<\/strong><\/td>\n<td>\n    Geh\u00e4usefarboptionen: RAL 9005<br \/>\n    Installationsoptionen: Kettenstahl-Drahtmontage<br \/>\n    Farbtemperatur: 3000K \/ 4000K \/ 6500K<br \/>\n    Notfallkit \u2013 DALI \u2013 \u00dcberspannungsgesch\u00fctztes SPD\n  <\/td>\n<\/tr>\n<\/table>\n<ul class=\"custom-icon-list\">\n<li><img decoding=\"async\" src=\"https:\/\/3nlighting.com\/wp-content\/uploads\/2025\/06\/Pedestrian-crossing.png\" alt=\"Yaya Ge\u00e7idi\"><\/li>\n<li><img decoding=\"async\" src=\"https:\/\/3nlighting.com\/wp-content\/uploads\/2025\/06\/Steel-wire-Hanger.png\" alt=\"\u00c7elik tel Ask\u0131\"><\/li>\n<li><img decoding=\"async\" src=\"https:\/\/3nlighting.com\/wp-content\/uploads\/2025\/06\/Walking.svg\" alt=\"Y\u00fcr\u00fcy\u00fc\u015f Yolu\"><\/li>\n<li><img decoding=\"async\" src=\"https:\/\/3nlighting.com\/wp-content\/uploads\/2025\/06\/Park.svg\" alt=\"Park ve Bah\u00e7eler\"><\/li>\n<\/ul>\n","protected":false},"featured_media":5464,"comment_status":"open","ping_status":"closed","template":"","meta":{"_joinchat":[]},"product_brand":[],"product_cat":[120,256,325],"product_tag":[],"class_list":{"0":"post-5906","1":"product","2":"type-product","3":"status-publish","4":"has-post-thumbnail","6":"product_cat-aussenbeleuchtung","7":"product_cat-kettenbeleuchtungskorper","8":"product_cat-strase-gasse-allee","10":"first","11":"instock","12":"shipping-taxable","13":"product-type-simple"},"aioseo_notices":[],"_links":{"self":[{"href":"https:\/\/3nlighting.com\/de\/wp-json\/wp\/v2\/product\/5906","targetHints":{"allow":["GET"]}}],"collection":[{"href":"https:\/\/3nlighting.com\/de\/wp-json\/wp\/v2\/product"}],"about":[{"href":"https:\/\/3nlighting.com\/de\/wp-json\/wp\/v2\/types\/product"}],"replies":[{"embeddable":true,"href":"https:\/\/3nlighting.com\/de\/wp-json\/wp\/v2\/comments?post=5906"}],"wp:featuredmedia":[{"embeddable":true,"href":"https:\/\/3nlighting.com\/de\/wp-json\/wp\/v2\/media\/5464"}],"wp:attachment":[{"href":"https:\/\/3nlighting.com\/de\/wp-json\/wp\/v2\/media?parent=5906"}],"wp:term":[{"taxonomy":"product_brand","embeddable":true,"href":"https:\/\/3nlighting.com\/de\/wp-json\/wp\/v2\/product_brand?post=5906"},{"taxonomy":"product_cat","embeddable":true,"href":"https:\/\/3nlighting.com\/de\/wp-json\/wp\/v2\/product_cat?post=5906"},{"taxonomy":"product_tag","embeddable":true,"href":"https:\/\/3nlighting.com\/de\/wp-json\/wp\/v2\/product_tag?post=5906"}],"curies":[{"name":"wp","href":"https:\/\/api.w.org\/{rel}","templated":true}]}}