{"id":5955,"date":"2025-04-05T12:23:28","date_gmt":"2025-04-05T12:23:28","guid":{"rendered":"https:\/\/3nlighting.com\/urun\/walls\/"},"modified":"2026-02-19T06:51:11","modified_gmt":"2026-02-19T06:51:11","slug":"walls","status":"publish","type":"product","link":"https:\/\/3nlighting.com\/de\/urun\/walls\/","title":{"rendered":"Walls"},"content":{"rendered":"","protected":false},"excerpt":{"rendered":"<h4><strong>Walls<\/strong><\/h4>\n<h6><strong>Wallwasher LED-Beleuchtung<\/strong><\/h6>\n<table class=\"lined-table\">\n<tbody>\n<tr>\n<td><strong>Geh\u00e4use<\/strong><\/td>\n<td>Aluminiumgeh\u00e4use \/ Eloxiert<\/td>\n<\/tr>\n<tr>\n<td><strong>Optische Abdeckung<\/strong><\/td>\n<td>10\u00b0 \/ 25\u00b0 \/ 30\u00b0 \/ 45\u00b0 \/ 10\u00b0x45\u00b0 PMMA-Linse<\/td>\n<\/tr>\n<tr>\n<td><strong>Treiber<\/strong><\/td>\n<td>Osram, Tridonic, Philips-3N<\/td>\n<\/tr>\n<tr>\n<td><strong>LED-Chip<\/strong><\/td>\n<td>Samsung, Osram, Seoul<\/td>\n<\/tr>\n<tr>\n<td><strong>Eingangsspannung<\/strong><\/td>\n<td>220-240V\/AC 50-60Hz<\/td>\n<\/tr>\n<tr>\n<td><strong>Betriebstemperatur<\/strong><\/td>\n<td>-20\u00b0C ~ +40\u00b0C<\/td>\n<\/tr>\n<tr>\n<td><strong>CRI<\/strong><\/td>\n<td>CRI > 80<\/td>\n<\/tr>\n<tr>\n<td><strong>Schutzklasse<\/strong><\/td>\n<td>IP65<\/td>\n<\/tr>\n<tr>\n<td><strong>Sto\u00dffestigkeitsklasse<\/strong><\/td>\n<td>IK09<\/td>\n<\/tr>\n<tr>\n<td><strong>Optionen<\/strong><\/td>\n<td>\n        Farbtemperatur: 3000K \/ 4000K \/ 6500K <br \/>\n        Amber \/ Rot \/ Gr\u00fcn \/ Blau <br \/>\n        DALI &#8211; RGB-Steuerung &#8211; DMX\n      <\/td>\n<\/tr>\n<\/tbody>\n<\/table>\n<ul class=\"custom-icon-list\">\n<li><img decoding=\"async\" src=\"https:\/\/3nlighting.com\/wp-content\/uploads\/2025\/06\/Historical.svg\" alt=\"Tarihi Yap\u0131\"><\/li>\n<li><img decoding=\"async\" src=\"https:\/\/3nlighting.com\/wp-content\/uploads\/2025\/06\/Avenue.svg\" alt=\"Cadde\"><\/li>\n<li><img decoding=\"async\" src=\"https:\/\/3nlighting.com\/wp-content\/uploads\/2025\/06\/Bridge.svg\" alt=\"K\u00f6pr\u00fc\"><\/li>\n<li><img decoding=\"async\" src=\"https:\/\/3nlighting.com\/wp-content\/uploads\/2025\/06\/Outdoor.svg\" alt=\"D\u0131\u015f Mekan Duvar Ayd\u0131nlatma\"><\/li>\n<\/ul>\n","protected":false},"featured_media":3434,"comment_status":"open","ping_status":"closed","template":"","meta":{"_joinchat":[]},"product_brand":[],"product_cat":[120,259,95],"product_tag":[],"class_list":{"0":"post-5955","1":"product","2":"type-product","3":"status-publish","4":"has-post-thumbnail","6":"product_cat-aussenbeleuchtung","7":"product_cat-landschafts-und-fassadenbeleuchtungskorper","8":"product_cat-park-peyzaj-cevre","10":"first","11":"instock","12":"shipping-taxable","13":"product-type-simple"},"aioseo_notices":[],"_links":{"self":[{"href":"https:\/\/3nlighting.com\/de\/wp-json\/wp\/v2\/product\/5955","targetHints":{"allow":["GET"]}}],"collection":[{"href":"https:\/\/3nlighting.com\/de\/wp-json\/wp\/v2\/product"}],"about":[{"href":"https:\/\/3nlighting.com\/de\/wp-json\/wp\/v2\/types\/product"}],"replies":[{"embeddable":true,"href":"https:\/\/3nlighting.com\/de\/wp-json\/wp\/v2\/comments?post=5955"}],"wp:featuredmedia":[{"embeddable":true,"href":"https:\/\/3nlighting.com\/de\/wp-json\/wp\/v2\/media\/3434"}],"wp:attachment":[{"href":"https:\/\/3nlighting.com\/de\/wp-json\/wp\/v2\/media?parent=5955"}],"wp:term":[{"taxonomy":"product_brand","embeddable":true,"href":"https:\/\/3nlighting.com\/de\/wp-json\/wp\/v2\/product_brand?post=5955"},{"taxonomy":"product_cat","embeddable":true,"href":"https:\/\/3nlighting.com\/de\/wp-json\/wp\/v2\/product_cat?post=5955"},{"taxonomy":"product_tag","embeddable":true,"href":"https:\/\/3nlighting.com\/de\/wp-json\/wp\/v2\/product_tag?post=5955"}],"curies":[{"name":"wp","href":"https:\/\/api.w.org\/{rel}","templated":true}]}}