{"id":6018,"date":"2025-06-22T23:13:47","date_gmt":"2025-06-22T23:13:47","guid":{"rendered":"https:\/\/3nlighting.com\/urun\/violet-p-20x20\/"},"modified":"2026-03-12T07:10:35","modified_gmt":"2026-03-12T07:10:35","slug":"violet-p-20x20","status":"publish","type":"product","link":"https:\/\/3nlighting.com\/de\/urun\/violet-p-20x20\/","title":{"rendered":"Violet &#8211; P 20&#215;20"},"content":{"rendered":"","protected":false},"excerpt":{"rendered":"<h4><strong>Violet &#8211; P 20&#215;20<\/strong><\/h4>\n<h6><strong>Panel-LED-Beleuchtung<\/strong><\/h6>\n<table class=\"lined-table\">\n<tbody>\n<tr>\n<td><strong>Geh\u00e4use<\/strong><\/td>\n<td>DKP-Blechgeh\u00e4use, RAL 9005<\/td>\n<\/tr>\n<tr>\n<td><strong>Optik<\/strong><\/td>\n<td>PS\/PMMA-Opaldiffusor<\/td>\n<\/tr>\n<tr>\n<td><strong>Treiber<\/strong><\/td>\n<td>Osram \u2013 Tridonic \u2013 Philips Lifud &#8211; Eagle Rise \u2013 3N<\/td>\n<\/tr>\n<tr>\n<td><strong>LED-Chip<\/strong><\/td>\n<td>2835 Mid Power, Osram, Seoul, Lumileds<\/td>\n<\/tr>\n<tr>\n<td><strong>Versorgungsspannung<\/strong><\/td>\n<td>220-240V\/AC 50-60Hz<\/td>\n<\/tr>\n<tr>\n<td><strong>Betriebstemperatur<\/strong><\/td>\n<td>-10\u00b0C ~ +40\u00b0C<\/td>\n<\/tr>\n<tr>\n<td><strong>Schutzklasse<\/strong><\/td>\n<td>IP40<\/td>\n<\/tr>\n<tr>\n<td><strong>Optionen<\/strong><\/td>\n<td>Anwendungsoptionen: 50\u00d750, 60\u00d760, 75\u00d775, 85\u00d785, 100\u00d7100, 120\u00d7120, 150\u00d7150, 200\u00d7200 Rasterdecke<br \/>\nFarbtemperatur: 3000K \/ 4000K \/ 6500K<br \/>\nNotfallkit \u2013 DALI<\/td>\n<\/tr>\n<\/tbody>\n<\/table>\n<ul class=\"custom-icon-list\">\n<li><img decoding=\"async\" src=\"https:\/\/3nlighting.com\/wp-content\/uploads\/2025\/06\/Shop.svg\" alt=\"Ma\u011faza\" \/><\/li>\n<li><img decoding=\"async\" src=\"https:\/\/3nlighting.com\/wp-content\/uploads\/2025\/06\/Cafe.svg\" alt=\"Cafe\" \/><\/li>\n<li><img decoding=\"async\" src=\"https:\/\/3nlighting.com\/wp-content\/uploads\/2025\/06\/Restaurant.svg\" alt=\"Restoran\" \/><\/li>\n<li><img decoding=\"async\" src=\"https:\/\/3nlighting.com\/wp-content\/uploads\/2025\/06\/Office.svg\" alt=\"Ofisler\" \/><\/li>\n<li><img decoding=\"async\" src=\"https:\/\/3nlighting.com\/wp-content\/uploads\/2025\/06\/Training.svg\" alt=\"Okullar\" \/><\/li>\n<li><img decoding=\"async\" src=\"https:\/\/3nlighting.com\/wp-content\/uploads\/2025\/06\/Market.svg\" alt=\"S\u00fcper Market\" \/><\/li>\n<li><img decoding=\"async\" src=\"https:\/\/3nlighting.com\/wp-content\/uploads\/2025\/06\/Showroom.svg\" alt=\"Showroom Te\u015fhir Alan\u0131\" \/><\/li>\n<li><img decoding=\"async\" src=\"https:\/\/3nlighting.com\/wp-content\/uploads\/2025\/06\/Dormitories.png\" alt=\"Yurtlar Kre\u015fler\" \/><\/li>\n<li><img decoding=\"async\" src=\"https:\/\/3nlighting.com\/wp-content\/uploads\/2025\/06\/Hotel-Lobby.png\" alt=\"Otel Lobi\" \/><\/li>\n<li><img decoding=\"async\" src=\"https:\/\/3nlighting.com\/wp-content\/uploads\/2025\/06\/Consultation.png\" alt=\"Firma Ana Giri\u015f Dan\u0131\u015fma Alan\u0131\" \/><\/li>\n<li><img decoding=\"async\" src=\"https:\/\/3nlighting.com\/wp-content\/uploads\/2025\/06\/Air-Field.png\" alt=\"Hava Alan\u0131 Yolcu Kar\u015f\u0131lama\" \/><\/li>\n<\/ul>\n","protected":false},"featured_media":7534,"comment_status":"open","ping_status":"closed","template":"","meta":{"_joinchat":[]},"product_brand":[],"product_cat":[201,226],"product_tag":[],"class_list":{"0":"post-6018","1":"product","2":"type-product","3":"status-publish","4":"has-post-thumbnail","6":"product_cat-innenbeleuchtung","7":"product_cat-panel-beleuchtungskorper","9":"first","10":"instock","11":"shipping-taxable","12":"product-type-simple"},"aioseo_notices":[],"_links":{"self":[{"href":"https:\/\/3nlighting.com\/de\/wp-json\/wp\/v2\/product\/6018","targetHints":{"allow":["GET"]}}],"collection":[{"href":"https:\/\/3nlighting.com\/de\/wp-json\/wp\/v2\/product"}],"about":[{"href":"https:\/\/3nlighting.com\/de\/wp-json\/wp\/v2\/types\/product"}],"replies":[{"embeddable":true,"href":"https:\/\/3nlighting.com\/de\/wp-json\/wp\/v2\/comments?post=6018"}],"wp:featuredmedia":[{"embeddable":true,"href":"https:\/\/3nlighting.com\/de\/wp-json\/wp\/v2\/media\/7534"}],"wp:attachment":[{"href":"https:\/\/3nlighting.com\/de\/wp-json\/wp\/v2\/media?parent=6018"}],"wp:term":[{"taxonomy":"product_brand","embeddable":true,"href":"https:\/\/3nlighting.com\/de\/wp-json\/wp\/v2\/product_brand?post=6018"},{"taxonomy":"product_cat","embeddable":true,"href":"https:\/\/3nlighting.com\/de\/wp-json\/wp\/v2\/product_cat?post=6018"},{"taxonomy":"product_tag","embeddable":true,"href":"https:\/\/3nlighting.com\/de\/wp-json\/wp\/v2\/product_tag?post=6018"}],"curies":[{"name":"wp","href":"https:\/\/api.w.org\/{rel}","templated":true}]}}