{"id":5894,"date":"2025-04-05T11:41:51","date_gmt":"2025-04-05T11:41:51","guid":{"rendered":"https:\/\/3nlighting.com\/urun\/modhex-t\/"},"modified":"2026-02-16T07:30:51","modified_gmt":"2026-02-16T07:30:51","slug":"modhex-t","status":"publish","type":"product","link":"https:\/\/3nlighting.com\/en\/urun\/modhex-t\/","title":{"rendered":"Modhex -T"},"content":{"rendered":"","protected":false},"excerpt":{"rendered":"<h4><strong>Modhex -T<\/strong><\/h4>\n<h6><strong>Tunnel LED Lighting<\/strong><\/h6>\n<table class=\"lined-table\">\n<tr>\n<td><strong>Body<\/strong><\/td>\n<td>Aluminum Body and Frame \/ RAL7016<\/td>\n<\/tr>\n<tr>\n<td><strong>Optical Cover<\/strong><\/td>\n<td>PMMA Lens \/ Tempered Glass<\/td>\n<\/tr>\n<tr>\n<td><strong>Driver<\/strong><\/td>\n<td>Osram, Tridonic, Philips-3N<\/td>\n<\/tr>\n<tr>\n<td><strong>LED Chip<\/strong><\/td>\n<td>Samsung, Osram, Seoul<\/td>\n<\/tr>\n<tr>\n<td><strong>Supply Voltage<\/strong><\/td>\n<td>220-240V\/AC 50-60Hz<\/td>\n<\/tr>\n<tr>\n<td><strong>Operating Temperature<\/strong><\/td>\n<td>-20\u00b0C ~ +40\u00b0C<\/td>\n<\/tr>\n<tr>\n<td><strong>CRI<\/strong><\/td>\n<td>CRI &gt; 80<\/td>\n<\/tr>\n<tr>\n<td><strong>Protection Class<\/strong><\/td>\n<td>IP66<\/td>\n<\/tr>\n<tr>\n<td><strong>Impact Resistance Class<\/strong><\/td>\n<td>IK09<\/td>\n<\/tr>\n<tr>\n<td><strong>Options<\/strong><\/td>\n<td>Color Temperature: 3000K \/ 4000K \/ 6500K<br \/>DALI<\/td>\n<\/tr>\n<\/table>\n<ul class=\"custom-icon-list\">\n<li><img decoding=\"async\" src=\"https:\/\/3nlighting.com\/wp-content\/uploads\/2025\/06\/Tunnel.svg\" alt=\"T\u00fcnel Ayd\u0131nlatmalar\u0131\"><\/li>\n<\/ul>\n","protected":false},"featured_media":3388,"comment_status":"open","ping_status":"closed","template":"","meta":{"_joinchat":[]},"product_brand":[],"product_cat":[119,265],"product_tag":[],"class_list":{"0":"post-5894","1":"product","2":"type-product","3":"status-publish","4":"has-post-thumbnail","6":"product_cat-outdoor-lighting","7":"product_cat-tunnel-luminaires","9":"first","10":"instock","11":"shipping-taxable","12":"product-type-simple"},"aioseo_notices":[],"_links":{"self":[{"href":"https:\/\/3nlighting.com\/en\/wp-json\/wp\/v2\/product\/5894","targetHints":{"allow":["GET"]}}],"collection":[{"href":"https:\/\/3nlighting.com\/en\/wp-json\/wp\/v2\/product"}],"about":[{"href":"https:\/\/3nlighting.com\/en\/wp-json\/wp\/v2\/types\/product"}],"replies":[{"embeddable":true,"href":"https:\/\/3nlighting.com\/en\/wp-json\/wp\/v2\/comments?post=5894"}],"wp:featuredmedia":[{"embeddable":true,"href":"https:\/\/3nlighting.com\/en\/wp-json\/wp\/v2\/media\/3388"}],"wp:attachment":[{"href":"https:\/\/3nlighting.com\/en\/wp-json\/wp\/v2\/media?parent=5894"}],"wp:term":[{"taxonomy":"product_brand","embeddable":true,"href":"https:\/\/3nlighting.com\/en\/wp-json\/wp\/v2\/product_brand?post=5894"},{"taxonomy":"product_cat","embeddable":true,"href":"https:\/\/3nlighting.com\/en\/wp-json\/wp\/v2\/product_cat?post=5894"},{"taxonomy":"product_tag","embeddable":true,"href":"https:\/\/3nlighting.com\/en\/wp-json\/wp\/v2\/product_tag?post=5894"}],"curies":[{"name":"wp","href":"https:\/\/api.w.org\/{rel}","templated":true}]}}