{"id":5899,"date":"2025-04-05T13:36:39","date_gmt":"2025-04-05T13:36:39","guid":{"rendered":"https:\/\/3nlighting.com\/urun\/spar\/"},"modified":"2026-02-18T13:46:32","modified_gmt":"2026-02-18T13:46:32","slug":"spar","status":"publish","type":"product","link":"https:\/\/3nlighting.com\/en\/urun\/spar\/","title":{"rendered":"Spar"},"content":{"rendered":"","protected":false},"excerpt":{"rendered":"<h4><strong>Spar<\/strong><\/h4>\n<h6><strong>Grass LED Lighting<\/strong><\/h6>\n<table class=\"lined-table\">\n<tr>\n<td><strong>Body<\/strong><\/td>\n<td>Aluminum Body \/ RAL9005<\/td>\n<\/tr>\n<tr>\n<td><strong>LED Chip<\/strong><\/td>\n<td>GU10 Bulb<\/td>\n<\/tr>\n<tr>\n<td><strong>Supply Voltage<\/strong><\/td>\n<td>220-240V\/AC 50-60Hz<\/td>\n<\/tr>\n<tr>\n<td><strong>Operating Temperature<\/strong><\/td>\n<td>-10\u00b0C ~ +40\u00b0C<\/td>\n<\/tr>\n<tr>\n<td><strong>CRI<\/strong><\/td>\n<td>CRI > 80<\/td>\n<\/tr>\n<tr>\n<td><strong>Protection Class<\/strong><\/td>\n<td>IP44<\/td>\n<\/tr>\n<tr>\n<td><strong>Options<\/strong><\/td>\n<td>\n    Body Color Options: RAL9016<br \/>\n    Application Options: Spike<br \/>\n    Color Temperature: 2700K \/ 3000K \/ 4000K \/ 6500K\n  <\/td>\n<\/tr>\n<\/table>\n<ul class=\"custom-icon-list\">\n<li><img decoding=\"async\" src=\"https:\/\/3nlighting.com\/wp-content\/uploads\/2025\/06\/Landscape.svg\" alt=\"Peyzaj\"><\/li>\n<li><img decoding=\"async\" src=\"https:\/\/3nlighting.com\/wp-content\/uploads\/2025\/06\/Park.svg\" alt=\"Park\"><\/li>\n<li><img decoding=\"async\" src=\"https:\/\/3nlighting.com\/wp-content\/uploads\/2025\/06\/Garden.svg\" alt=\"Bah\u00e7e\"><\/li>\n<li><img decoding=\"async\" src=\"https:\/\/3nlighting.com\/wp-content\/uploads\/2025\/06\/Walking.svg\" alt=\"Y\u00fcr\u00fcy\u00fc\u015f Yolu\"><\/li>\n<\/ul>\n","protected":false},"featured_media":3415,"comment_status":"open","ping_status":"closed","template":"","meta":{"_joinchat":[]},"product_brand":[],"product_cat":[258,119,95],"product_tag":[],"class_list":{"0":"post-5899","1":"product","2":"type-product","3":"status-publish","4":"has-post-thumbnail","6":"product_cat-landscape-and-facade-luminaires","7":"product_cat-outdoor-lighting","8":"product_cat-park-peyzaj-cevre","10":"first","11":"instock","12":"shipping-taxable","13":"product-type-simple"},"aioseo_notices":[],"_links":{"self":[{"href":"https:\/\/3nlighting.com\/en\/wp-json\/wp\/v2\/product\/5899","targetHints":{"allow":["GET"]}}],"collection":[{"href":"https:\/\/3nlighting.com\/en\/wp-json\/wp\/v2\/product"}],"about":[{"href":"https:\/\/3nlighting.com\/en\/wp-json\/wp\/v2\/types\/product"}],"replies":[{"embeddable":true,"href":"https:\/\/3nlighting.com\/en\/wp-json\/wp\/v2\/comments?post=5899"}],"wp:featuredmedia":[{"embeddable":true,"href":"https:\/\/3nlighting.com\/en\/wp-json\/wp\/v2\/media\/3415"}],"wp:attachment":[{"href":"https:\/\/3nlighting.com\/en\/wp-json\/wp\/v2\/media?parent=5899"}],"wp:term":[{"taxonomy":"product_brand","embeddable":true,"href":"https:\/\/3nlighting.com\/en\/wp-json\/wp\/v2\/product_brand?post=5899"},{"taxonomy":"product_cat","embeddable":true,"href":"https:\/\/3nlighting.com\/en\/wp-json\/wp\/v2\/product_cat?post=5899"},{"taxonomy":"product_tag","embeddable":true,"href":"https:\/\/3nlighting.com\/en\/wp-json\/wp\/v2\/product_tag?post=5899"}],"curies":[{"name":"wp","href":"https:\/\/api.w.org\/{rel}","templated":true}]}}